{"id":22631,"date":"2024-04-08T17:16:14","date_gmt":"2024-04-08T17:16:14","guid":{"rendered":"https:\/\/ameta.pt\/?page_id=22631"},"modified":"2024-09-12T20:15:14","modified_gmt":"2024-09-12T20:15:14","slug":"parceiros","status":"publish","type":"page","link":"https:\/\/ameta.pt\/?page_id=22631","title":{"rendered":"Parceiros"},"content":{"rendered":"<div class=\"wpb-content-wrapper\"><section data-vc-full-width=\"true\" data-vc-full-width-init=\"false\" data-vc-stretch-content=\"true\" class=\"vc_row wpb_row vc_row-fluid  vc_custom_1721304267481 overflow-visible pofo-stretch-content vc_row-no-padding\"><div class=\"wpb_column vc_column_container vc_col-sm-12  col-xs-mobile-fullwidth\"><div class=\"vc_column-inner \"><div class=\"wpb_wrapper\"><div id=\"pofo-image-slider-1\" class=\"swiper-container height-100 width-100 pofo-image-style10 pofo-image-slider-1  white-move pofo-slider10 pofo-slider10-1\" data-slider-options=\"{&quot;keyboard&quot;:true,&quot;slidesPerView&quot;:1,&quot;loop&quot;:true,&quot;autoplay&quot;:{&quot;delay&quot;:2000,&quot;disableOnInteraction&quot;:false},&quot;navigation&quot;:{&quot;nextEl&quot;:&quot;.swiper-next-1&quot;,&quot;prevEl&quot;:&quot;.swiper-prev-1&quot;}}\"><div class=\"swiper-wrapper\"><div class=\"swiper-slide cover-background bg-image-srcset\" style=\"background-image:url(https:\/\/ameta.pt\/wp-content\/uploads\/2024\/05\/trabalho-de-equipa-slider.jpg)\" data-bg-srcset=\"https:\/\/ameta.pt\/wp-content\/uploads\/2024\/05\/trabalho-de-equipa-slider.jpg 1850w, https:\/\/ameta.pt\/wp-content\/uploads\/2024\/05\/trabalho-de-equipa-slider-300x162.jpg 300w, https:\/\/ameta.pt\/wp-content\/uploads\/2024\/05\/trabalho-de-equipa-slider-1024x554.jpg 1024w, https:\/\/ameta.pt\/wp-content\/uploads\/2024\/05\/trabalho-de-equipa-slider-768x415.jpg 768w, https:\/\/ameta.pt\/wp-content\/uploads\/2024\/05\/trabalho-de-equipa-slider-1536x830.jpg 1536w, https:\/\/ameta.pt\/wp-content\/uploads\/2024\/05\/trabalho-de-equipa-slider-1200x649.jpg 1200w, https:\/\/ameta.pt\/wp-content\/uploads\/2024\/05\/trabalho-de-equipa-slider-120x65.jpg 120w, https:\/\/ameta.pt\/wp-content\/uploads\/2024\/05\/trabalho-de-equipa-slider-81x44.jpg 81w\"><div class=\"container position-relative full-screen\"><div class=\"slider-typography text-center\"><div class=\"slider-text-middle-main\"><div class=\"slider-text-middle\"><div class=\"alt-font text-white font-weight-700 letter-spacing-minus-1 margin-two-bottom center-col sm-margin-four-bottom xs-margin-15px-bottom xs-letter-spacing-0 word-wrap dynamic-font-size width-60 md-width-65 xs-width-90 title-large\" style=\"font-size: 58px; line-height: 58px; letter-spacing: 1px; color: #ffffff;\" data-fontsize=\"58px\" data-lineheight=\"58px\">Quer ser nosso Parceiro?<\/div><div class=\"btn-dual\"><a class=\"btn btn-deep-pink btn-rounded btn-medium first-btn\" href=\"https:\/\/form.jotform.com\/232786791280062\" target=\"_blank\">FA\u00c7A A SUA PROPOSTA<\/a><\/div><\/div><\/div><\/div><\/div><\/div><div class=\"swiper-slide cover-background bg-image-srcset\" style=\"background-image:url(https:\/\/ameta.pt\/wp-content\/uploads\/2024\/05\/nautilus-2-VERDE.jpg)\" data-bg-srcset=\"https:\/\/ameta.pt\/wp-content\/uploads\/2024\/05\/nautilus-2-VERDE.jpg 1920w, https:\/\/ameta.pt\/wp-content\/uploads\/2024\/05\/nautilus-2-VERDE-300x169.jpg 300w, https:\/\/ameta.pt\/wp-content\/uploads\/2024\/05\/nautilus-2-VERDE-1024x576.jpg 1024w, https:\/\/ameta.pt\/wp-content\/uploads\/2024\/05\/nautilus-2-VERDE-768x432.jpg 768w, https:\/\/ameta.pt\/wp-content\/uploads\/2024\/05\/nautilus-2-VERDE-1536x864.jpg 1536w, https:\/\/ameta.pt\/wp-content\/uploads\/2024\/05\/nautilus-2-VERDE-1200x675.jpg 1200w, https:\/\/ameta.pt\/wp-content\/uploads\/2024\/05\/nautilus-2-VERDE-120x68.jpg 120w, https:\/\/ameta.pt\/wp-content\/uploads\/2024\/05\/nautilus-2-VERDE-81x46.jpg 81w\"><div class=\"container position-relative full-screen\"><div class=\"slider-typography text-center\"><div class=\"slider-text-middle-main\"><div class=\"slider-text-middle\"><div class=\"alt-font text-white font-weight-700 letter-spacing-minus-1 margin-two-bottom center-col sm-margin-four-bottom xs-margin-15px-bottom xs-letter-spacing-0 word-wrap dynamic-font-size width-60 md-width-65 xs-width-90 title-large\" style=\"font-size: 58px; line-height: 58px; letter-spacing: 1px; color: #ffffff;\" data-fontsize=\"58px\" data-lineheight=\"58px\">O Crescimento \u00e9 o nosso Objectivo<\/div><div class=\"btn-dual\"><a class=\"btn btn-deep-pink btn-rounded btn-medium first-btn\" href=\"https:\/\/form.jotform.com\/231517291714353\" target=\"_self\">JUNTE-SE A N\u00d3S<\/a><\/div><\/div><\/div><\/div><\/div><\/div><div class=\"swiper-slide cover-background bg-image-srcset\" style=\"background-image:url(https:\/\/ameta.pt\/wp-content\/uploads\/2024\/07\/BALOES-SLIDER-1920-x1100.jpg)\" data-bg-srcset=\"https:\/\/ameta.pt\/wp-content\/uploads\/2024\/07\/BALOES-SLIDER-1920-x1100.jpg 1920w, https:\/\/ameta.pt\/wp-content\/uploads\/2024\/07\/BALOES-SLIDER-1920-x1100-300x172.jpg 300w, https:\/\/ameta.pt\/wp-content\/uploads\/2024\/07\/BALOES-SLIDER-1920-x1100-1024x587.jpg 1024w, https:\/\/ameta.pt\/wp-content\/uploads\/2024\/07\/BALOES-SLIDER-1920-x1100-768x440.jpg 768w, https:\/\/ameta.pt\/wp-content\/uploads\/2024\/07\/BALOES-SLIDER-1920-x1100-1536x880.jpg 1536w, https:\/\/ameta.pt\/wp-content\/uploads\/2024\/07\/BALOES-SLIDER-1920-x1100-1200x688.jpg 1200w, https:\/\/ameta.pt\/wp-content\/uploads\/2024\/07\/BALOES-SLIDER-1920-x1100-120x69.jpg 120w, https:\/\/ameta.pt\/wp-content\/uploads\/2024\/07\/BALOES-SLIDER-1920-x1100-81x46.jpg 81w\"><div class=\"container position-relative full-screen\"><div class=\"slider-typography text-center\"><div class=\"slider-text-middle-main\"><div class=\"slider-text-middle\"><div class=\"alt-font text-white font-weight-700 letter-spacing-minus-1 margin-two-bottom center-col sm-margin-four-bottom xs-margin-15px-bottom xs-letter-spacing-0 word-wrap dynamic-font-size width-60 md-width-65 xs-width-90 title-large\" style=\"font-size: 58px; line-height: 58px; letter-spacing: 1px; color: #ffffff;\" data-fontsize=\"58px\" data-lineheight=\"58px\">Juntos Podemos Voar<\/div><div class=\"btn-dual\"><a class=\"btn btn-deep-pink btn-rounded btn-medium first-btn\" href=\"https:\/\/ameta.pt\/?page_id=23746\" target=\"_self\">CONHE\u00c7A A NOSSA REDE<\/a><\/div><\/div><\/div><\/div><\/div><\/div><\/div><div class=\"swiper-button-next swiper-next-1 swiper-button-angel-white-highlight\"><\/div>\n                                        <div class=\"swiper-button-prev swiper-prev-1 swiper-button-angel-white-highlight\"><\/div><\/div><\/div><\/div><\/div><div class=\"down-section text-center down-section-style-3\"><a href=\"#about\" class=\"down-section-link text-uppercase text-small text-white text-white-hover opacity5 margin-10px-bottom display-inline-block\"><div class=\"pofo-scroll-down-text\">SAIBA MAIS<\/div><div class=\"separator-line-verticle-large bg-deep-pink m-auto\" style=\"background-color:#ffffff\"><\/div><\/a><\/div><\/section><div class=\"vc_row-full-width vc_clearfix\"><\/div><section id=\"about\" data-vc-full-width=\"true\" data-vc-full-width-init=\"false\" class=\"vc_row wpb_row vc_row-fluid  vc_custom_1599815966600 cover-background vc_row-has-fill pofo-stretch-content pofo-stretch-row-container vc_row-o-content-middle vc_row-flex\"><div class=\"wpb_column vc_column_container vc_col-sm-6  col-xs-mobile-fullwidth pofo-column-responsive-69e0ed0c64914\"><div class=\"vc_column-inner \"><div class=\"wpb_wrapper\">[vc_single_image image=&#8221;22717&#8243; img_size=&#8221;full&#8221; alignment=&#8221;center&#8221;]<\/div><\/div><\/div><div class=\"wpb_column vc_column_container vc_col-sm-6  col-xs-mobile-fullwidth xs-text-center pofo-column-responsive-69e0ed0c64948\"><div class=\"vc_column-inner vc_custom_1599903735413\"><div class=\"wpb_wrapper\"><h3 class=\"text-extra-dark-gray margin-20px-bottom font-weight-600 display-inline-block alt-font heading-style2  heading-1\"  style=\"font-weight: 600; color: #154a69;\">Trabalho de Equipa cria Confian\u00e7a e Confian\u00e7a cria Crescimento<\/h3><h3 class=\"text-extra-large margin-25px-bottom display-inline-block alt-font heading-style3  heading-2\"  style=\"font-weight: 600; color: #3199b2;\">Cada Parceiro v\u00e1rias Pontes e Metas<\/h3><div class=\" vc_custom_1716306551557 last-paragraph-no-margin\"><p>A AMETA tem v\u00e1rias formas de parcerias e todas elas t\u00eam por objectivo apoiar, os profissionais de sa\u00fade e bem-estar, quem utiliza os seus servi\u00e7os e tamb\u00e9m empreendedores ou empresas nesta \u00e1rea. Podem tamb\u00e9m ser parceiros empresas de outras actividades, que sejam potenciais fornecedoras ou prestadoras de servi\u00e7os para a \u00e1rea Sa\u00fade e Bem-estar.<\/p>\n<p>Os nossos parceiros podem ser Associados ou n\u00e3o, em fun\u00e7\u00e3o dos seus objectivos.<\/p>\n<p>Se \u00e9 um empreendedor que se interessa pelo nicho da Sa\u00fade e Bem-estar, seja pioneiro, conhe\u00e7a as vantagens da Rede de Suporte ao Empreendorismo.<\/p>\n<p>A Ameta \u00e9 um espa\u00e7o de partilha e de apoio, sempre numa l\u00f3gica de refor\u00e7ar os v\u00ednculos e aumentar a coopera\u00e7\u00e3o interna e de proximidade com a comunidade onde est\u00e1 inserida.<\/p>\n<p>Os nossos parceiros empreendedores s\u00e3o\u00a0 maioritariamente t\u00e9cnicos de Sa\u00fade e bem-estar, que podem beneficiar de apoio para garantir que os seus talentos chegam mais facilmente aos utentes.<\/p>\n<p>Queremos ser um ambiente favor\u00e1vel para apoiar o desenvolvimento pessoal e empresarial dos nossos Associados, com diversos benef\u00edcios e divulgando-os como Parceiros da comunidade AMETA.<\/p>\n<\/div><a  href=\"https:\/\/form.jotform.com\/232786791280062\" target=\"_self\" class=\"btn pofo-button-1 button-style5  btn-dark-gray btn-rounded  btn-medium   vc_custom_1721301715461 pofo-button-responsive-69e0ed0c64a05\"  style=\"color:#ffffff;  border-color:rgba(241,105,55,0.01); \">SEJA UM PARCEIRO<\/a><\/div><\/div><\/div><div class=\"wpb_column vc_column_container  col-xs-mobile-fullwidth\"><div class=\"vc_column-inner \"><div class=\"wpb_wrapper\">[vc_empty_space][vc_custom_heading text=&#8221;Como Associado podes partilhar aqui os teus servi\u00e7os, sendo nosso Parceiro, e usufruindo de um canal de divulga\u00e7\u00e3o.&#8221; font_container=&#8221;tag:h5|text_align:center|color:%2311729d&#8221; google_fonts=&#8221;font_family:Montserrat%3Aregular%2C700|font_style:700%20bold%20regular%3A700%3Anormal&#8221;][vc_empty_space]<\/div><\/div><\/div><\/section><div class=\"vc_row-full-width vc_clearfix\"><\/div><section data-vc-full-width=\"true\" data-vc-full-width-init=\"false\" data-parallax-background-ratio=\"0.5\" class=\"vc_row wpb_row vc_row-fluid  vc_custom_1713394000716 wow fadeIn vc_row-has-fill pofo-stretch-content pofo-stretch-row-container parallax\"><div class=\"wpb_column vc_column_container vc_col-sm-12  col-xs-mobile-fullwidth\"><div class=\"vc_column-inner \"><div class=\"wpb_wrapper\"><div class=\"vc_row wpb_row vc_inner vc_row-fluid\"><div class=\"wpb_column vc_column_container vc_col-sm-4 vc_col-md-4 col-xs-mobile-fullwidth wow none text-center pofo-column-responsive-69e0ed0c64b19\"><div class=\"vc_column-inner \"><div class=\"wpb_wrapper\"><div class=\"featurebox41 pofo-featurebox  border-radius-10 position-relative overflow-hidden bg-white padding-eighteen-all md-padding-twelve-all featurebox41-1\" ><h4 class=\"text-light-gray text-deep-pink alt-font font-weight-300 margin-20px-bottom\" style=\"color:#ec4d0b; \">01<\/h4><div class=\"alt-font text-large text-extra-dark-gray margin-10px-bottom md-margin-5px-bottom font-weight-600 feature-title\" style=\"color: #11729d;\">Rede de Suporte \u00e0 Sa\u00fade<\/div><div class=\"center-col\"><p>Rede de Profissionais de Sa\u00fade e Bem-estar, com descontos.<\/p>\n<\/div><a class=\"btn btn-link text-extra-dark-gray text-deep-pink-hover btn-medium\" target=\"_self\" href=\"https:\/\/ameta.pt\/?page_id=23746\">CONSULTAR<\/a><\/div><\/div><\/div><\/div><div class=\"wpb_column vc_column_container vc_col-sm-4 vc_col-md-4 col-xs-mobile-fullwidth wow none text-center pofo-column-responsive-69e0ed0c64bd0\"><div class=\"vc_column-inner \"><div class=\"wpb_wrapper\"><div class=\"featurebox41 pofo-featurebox  border-radius-10 position-relative overflow-hidden bg-white padding-eighteen-all md-padding-twelve-all featurebox41-2\" ><h4 class=\"text-light-gray text-deep-pink alt-font font-weight-300 margin-20px-bottom\" style=\"color:#ec4d0b; \">02<\/h4><div class=\"alt-font text-large text-extra-dark-gray margin-10px-bottom md-margin-5px-bottom font-weight-600 feature-title\" style=\"color: #11729d;\">Apoio ao Empreendedorismo<\/div><div class=\"center-col\"><p>Para os empreendedores na \u00e1rea da Sa\u00fade e Bem-estar.<\/p>\n<\/div><a class=\"btn btn-link text-extra-dark-gray text-deep-pink-hover btn-medium\" target=\"_self\" href=\"https:\/\/form.jotform.com\/242266295574364\">SAIBA MAIS<\/a><\/div><\/div><\/div><\/div><div class=\"wpb_column vc_column_container vc_col-sm-4 vc_col-md-4 col-xs-mobile-fullwidth wow none text-center\"><div class=\"vc_column-inner \"><div class=\"wpb_wrapper\"><div class=\"featurebox41 pofo-featurebox  border-radius-10 position-relative overflow-hidden bg-white padding-eighteen-all md-padding-twelve-all featurebox41-3\" ><h4 class=\"text-light-gray text-deep-pink alt-font font-weight-300 margin-20px-bottom\" style=\"color:#ec4d0b; \">03<\/h4><div class=\"alt-font text-large text-extra-dark-gray margin-10px-bottom md-margin-5px-bottom font-weight-600 feature-title\" style=\"color: #11729d;\">Quer ser Parceiro da AMETA?<\/div><div class=\"center-col\"><p>Contacte-nos ou preencha e envie-nos o formul\u00e1rio abaixo.<\/p>\n<\/div><a class=\"btn btn-link text-extra-dark-gray text-deep-pink-hover btn-medium\" target=\"_self\" href=\"https:\/\/form.jotform.com\/232786791280062\">ENVIAR PROPOSTA<\/a><\/div><\/div><\/div><\/div><\/div><\/div><\/div><\/div><\/section><div class=\"vc_row-full-width vc_clearfix\"><\/div>\n<\/div>","protected":false},"excerpt":{"rendered":"Quer ser nosso Parceiro?FA\u00c7A A SUA PROPOSTAO Crescimento \u00e9 o nosso ObjectivoJUNTE-SE A N\u00d3SJuntos Podemos VoarCONHE\u00c7A A NOSSA REDE SAIBA MAIS[vc_single_image image=\"22717\" img_size=\"full\" alignment=\"center\"]Trabalho de Equipa cria Confian\u00e7a e Confian\u00e7a cria CrescimentoCada Parceiro v\u00e1rias Pontes e MetasA AMETA tem v\u00e1rias formas de parcerias e todas elas t\u00eam por objectivo apoiar, os profissionais de sa\u00fade e bem-estar, quem utiliza os seus servi\u00e7os e tamb\u00e9m empreendedores ou empresas nesta \u00e1rea. Podem tamb\u00e9m ser parceiros empresas de outras actividades, que sejam potenciais fornecedoras ou prestadoras de servi\u00e7os para a \u00e1rea Sa\u00fade e Bem-estar. Os nossos parceiros podem ser Associados ou n\u00e3o, em fun\u00e7\u00e3o dos seus objectivos. Se \u00e9 um empreendedor que se interessa pelo nicho da Sa\u00fade e Bem-estar, seja pioneiro, conhe\u00e7a as vantagens da Rede de Suporte ao Empreendorismo. A Ameta \u00e9 um espa\u00e7o de partilha e de apoio, sempre numa l\u00f3gica de refor\u00e7ar os v\u00ednculos e aumentar a coopera\u00e7\u00e3o interna e de proximidade com a comunidade onde est\u00e1 inserida. Os nossos parceiros empreendedores s\u00e3o\u00a0 maioritariamente t\u00e9cnicos de Sa\u00fade e bem-estar, que podem beneficiar de apoio para garantir que os seus talentos chegam mais facilmente aos utentes. Queremos ser um ambiente favor\u00e1vel para apoiar o desenvolvimento pessoal e empresarial dos nossos Associados,...","protected":false},"author":1,"featured_media":0,"parent":0,"menu_order":0,"comment_status":"closed","ping_status":"closed","template":"","meta":{"_monsterinsights_skip_tracking":false,"_monsterinsights_sitenote_active":false,"_monsterinsights_sitenote_note":"","_monsterinsights_sitenote_category":0,"_uf_show_specific_survey":0,"_uf_disable_surveys":false,"_themeisle_gutenberg_block_has_review":false,"footnotes":""},"class_list":["post-22631","page","type-page","status-publish","hentry"],"aioseo_notices":[],"_links":{"self":[{"href":"https:\/\/ameta.pt\/index.php?rest_route=\/wp\/v2\/pages\/22631","targetHints":{"allow":["GET"]}}],"collection":[{"href":"https:\/\/ameta.pt\/index.php?rest_route=\/wp\/v2\/pages"}],"about":[{"href":"https:\/\/ameta.pt\/index.php?rest_route=\/wp\/v2\/types\/page"}],"author":[{"embeddable":true,"href":"https:\/\/ameta.pt\/index.php?rest_route=\/wp\/v2\/users\/1"}],"replies":[{"embeddable":true,"href":"https:\/\/ameta.pt\/index.php?rest_route=%2Fwp%2Fv2%2Fcomments&post=22631"}],"version-history":[{"count":62,"href":"https:\/\/ameta.pt\/index.php?rest_route=\/wp\/v2\/pages\/22631\/revisions"}],"predecessor-version":[{"id":23849,"href":"https:\/\/ameta.pt\/index.php?rest_route=\/wp\/v2\/pages\/22631\/revisions\/23849"}],"wp:attachment":[{"href":"https:\/\/ameta.pt\/index.php?rest_route=%2Fwp%2Fv2%2Fmedia&parent=22631"}],"curies":[{"name":"wp","href":"https:\/\/api.w.org\/{rel}","templated":true}]}}